{"id":14,"date":"2024-04-25T18:43:11","date_gmt":"2024-04-25T16:43:11","guid":{"rendered":"https:\/\/mainzer-maenner.de\/?page_id=14"},"modified":"2024-04-30T12:35:35","modified_gmt":"2024-04-30T10:35:35","slug":"maennerfruehstueck","status":"publish","type":"page","link":"https:\/\/mainzer-maenner.de\/?page_id=14","title":{"rendered":"M\u00e4nnerfr\u00fchst\u00fcck"},"content":{"rendered":"\n<h2 class=\"wp-block-heading has-text-align-center\" style=\"font-size:42px\">M\u00e4nnerfr\u00fchst\u00fcck <\/h2>\n\n\n\n<figure class=\"wp-block-image aligncenter size-large\"><img loading=\"lazy\" decoding=\"async\" width=\"1024\" height=\"455\" src=\"https:\/\/mainzer-maenner.de\/wp-content\/uploads\/2024\/04\/Cafe-Bus-aus-Bodenheim-No-3-2-1024x455.jpeg\" alt=\"\" class=\"wp-image-235\" srcset=\"https:\/\/mainzer-maenner.de\/wp-content\/uploads\/2024\/04\/Cafe-Bus-aus-Bodenheim-No-3-2-1024x455.jpeg 1024w, https:\/\/mainzer-maenner.de\/wp-content\/uploads\/2024\/04\/Cafe-Bus-aus-Bodenheim-No-3-2-300x133.jpeg 300w, https:\/\/mainzer-maenner.de\/wp-content\/uploads\/2024\/04\/Cafe-Bus-aus-Bodenheim-No-3-2-768x341.jpeg 768w, https:\/\/mainzer-maenner.de\/wp-content\/uploads\/2024\/04\/Cafe-Bus-aus-Bodenheim-No-3-2-1536x683.jpeg 1536w, https:\/\/mainzer-maenner.de\/wp-content\/uploads\/2024\/04\/Cafe-Bus-aus-Bodenheim-No-3-2-2048x910.jpeg 2048w, https:\/\/mainzer-maenner.de\/wp-content\/uploads\/2024\/04\/Cafe-Bus-aus-Bodenheim-No-3-2-1320x587.jpeg 1320w\" sizes=\"auto, (max-width: 1024px) 100vw, 1024px\" \/><\/figure>\n\n\n\n<div class=\"wp-block-columns is-layout-flex wp-container-core-columns-is-layout-28f84493 wp-block-columns-is-layout-flex\">\n<div class=\"wp-block-column is-layout-flow wp-block-column-is-layout-flow\" style=\"flex-basis:25%\"><\/div>\n\n\n\n<div class=\"wp-block-column is-layout-flow wp-block-column-is-layout-flow\" style=\"flex-basis:100%\">\n<p class=\"has-text-align-center\">Das M\u00e4nnerfr\u00fchs\u00fcck ist eine Gelegenheit andere M\u00e4nnern kennen zu lernen, wieder zu treffen, sich auszutauschen, zu vernetzen und gemeinsam zu Lachen und Freude zu haben.<br><br><strong>M\u00e4nnerfr\u00fchst\u00fcck:&nbsp;<\/strong>&nbsp; &nbsp;Samstags &#8211; 10 Uh<\/p>\n\n\n\n<p class=\"has-text-align-center\">                                    <strong>Wann:&nbsp;<\/strong>&nbsp;<strong>&nbsp;<\/strong>&nbsp; &nbsp; &nbsp; &nbsp; &nbsp; &nbsp; &nbsp; &nbsp; &nbsp; &nbsp; &nbsp; &nbsp;11. Mai&nbsp; &#8211; 8. Juni<br>&nbsp;<br>                                    <strong>Wo:<\/strong>&nbsp; &nbsp; &nbsp; &nbsp; &nbsp; &nbsp; &nbsp; &nbsp; &nbsp; &nbsp; &nbsp; &nbsp; &nbsp; &nbsp; &nbsp; Vivo &#8211; Restaurant &nbsp;<br>&nbsp; &nbsp; &nbsp; &nbsp; &nbsp; &nbsp; &nbsp; &nbsp; &nbsp; &nbsp; &nbsp; &nbsp; &nbsp; &nbsp; &nbsp; &nbsp; &nbsp; &nbsp; &nbsp;                                    G\u00f6ttelmannstra\u00dfe 40<br>&nbsp; &nbsp; &nbsp; &nbsp; &nbsp; &nbsp; &nbsp; &nbsp; &nbsp; &nbsp; &nbsp; &nbsp; &nbsp; &nbsp; &nbsp; &nbsp; &nbsp; &nbsp; &nbsp;                                    Mainz 55131<br>&nbsp; &nbsp; &nbsp; &nbsp; &nbsp; &nbsp; &nbsp; &nbsp; &nbsp; &nbsp; &nbsp; &nbsp; &nbsp; &nbsp; &nbsp; &nbsp; &nbsp; &nbsp; &nbsp;                                    im Volkspark Mainz<br><br><br>bitte anmelden! &#8211; Ort kann varrieren!&nbsp;<\/p>\n<\/div>\n\n\n\n<div class=\"wp-block-column is-layout-flow wp-block-column-is-layout-flow\" style=\"flex-basis:25%\"><\/div>\n<\/div>\n","protected":false},"excerpt":{"rendered":"<p>M\u00e4nnerfr\u00fchst\u00fcck Das M\u00e4nnerfr\u00fchs\u00fcck ist eine Gelegenheit andere M\u00e4nnern kennen zu lernen, wieder zu treffen, sich auszutauschen, zu vernetzen und gemeinsam [&hellip;]<\/p>\n","protected":false},"author":1,"featured_media":0,"parent":0,"menu_order":0,"comment_status":"closed","ping_status":"closed","template":"","meta":{"site-sidebar-layout":"default","site-content-layout":"","ast-site-content-layout":"default","site-content-style":"default","site-sidebar-style":"default","ast-global-header-display":"","ast-banner-title-visibility":"","ast-main-header-display":"","ast-hfb-above-header-display":"","ast-hfb-below-header-display":"","ast-hfb-mobile-header-display":"","site-post-title":"","ast-breadcrumbs-content":"","ast-featured-img":"","footer-sml-layout":"","ast-disable-related-posts":"","theme-transparent-header-meta":"","adv-header-id-meta":"","stick-header-meta":"","header-above-stick-meta":"","header-main-stick-meta":"","header-below-stick-meta":"","astra-migrate-meta-layouts":"default","ast-page-background-enabled":"default","ast-page-background-meta":{"desktop":{"background-color":"var(--ast-global-color-4)","background-image":"","background-repeat":"repeat","background-position":"center center","background-size":"auto","background-attachment":"scroll","background-type":"","background-media":"","overlay-type":"","overlay-color":"","overlay-opacity":"","overlay-gradient":""},"tablet":{"background-color":"","background-image":"","background-repeat":"repeat","background-position":"center center","background-size":"auto","background-attachment":"scroll","background-type":"","background-media":"","overlay-type":"","overlay-color":"","overlay-opacity":"","overlay-gradient":""},"mobile":{"background-color":"","background-image":"","background-repeat":"repeat","background-position":"center center","background-size":"auto","background-attachment":"scroll","background-type":"","background-media":"","overlay-type":"","overlay-color":"","overlay-opacity":"","overlay-gradient":""}},"ast-content-background-meta":{"desktop":{"background-color":"var(--ast-global-color-5)","background-image":"","background-repeat":"repeat","background-position":"center center","background-size":"auto","background-attachment":"scroll","background-type":"","background-media":"","overlay-type":"","overlay-color":"","overlay-opacity":"","overlay-gradient":""},"tablet":{"background-color":"var(--ast-global-color-5)","background-image":"","background-repeat":"repeat","background-position":"center center","background-size":"auto","background-attachment":"scroll","background-type":"","background-media":"","overlay-type":"","overlay-color":"","overlay-opacity":"","overlay-gradient":""},"mobile":{"background-color":"var(--ast-global-color-5)","background-image":"","background-repeat":"repeat","background-position":"center center","background-size":"auto","background-attachment":"scroll","background-type":"","background-media":"","overlay-type":"","overlay-color":"","overlay-opacity":"","overlay-gradient":""}},"footnotes":""},"class_list":["post-14","page","type-page","status-publish","hentry"],"_links":{"self":[{"href":"https:\/\/mainzer-maenner.de\/index.php?rest_route=\/wp\/v2\/pages\/14","targetHints":{"allow":["GET"]}}],"collection":[{"href":"https:\/\/mainzer-maenner.de\/index.php?rest_route=\/wp\/v2\/pages"}],"about":[{"href":"https:\/\/mainzer-maenner.de\/index.php?rest_route=\/wp\/v2\/types\/page"}],"author":[{"embeddable":true,"href":"https:\/\/mainzer-maenner.de\/index.php?rest_route=\/wp\/v2\/users\/1"}],"replies":[{"embeddable":true,"href":"https:\/\/mainzer-maenner.de\/index.php?rest_route=%2Fwp%2Fv2%2Fcomments&post=14"}],"version-history":[{"count":20,"href":"https:\/\/mainzer-maenner.de\/index.php?rest_route=\/wp\/v2\/pages\/14\/revisions"}],"predecessor-version":[{"id":341,"href":"https:\/\/mainzer-maenner.de\/index.php?rest_route=\/wp\/v2\/pages\/14\/revisions\/341"}],"wp:attachment":[{"href":"https:\/\/mainzer-maenner.de\/index.php?rest_route=%2Fwp%2Fv2%2Fmedia&parent=14"}],"curies":[{"name":"wp","href":"https:\/\/api.w.org\/{rel}","templated":true}]}}